{"id":1727,"date":"2022-03-25T09:34:06","date_gmt":"2022-03-25T08:34:06","guid":{"rendered":"https:\/\/metesafinland.wpenginepowered.com\/hem\/"},"modified":"2026-04-15T14:20:58","modified_gmt":"2026-04-15T12:20:58","slug":"hem","status":"publish","type":"page","link":"https:\/\/metesa.fi\/sv\/","title":{"rendered":"Framsida"},"content":{"rendered":"\n\n\t\t\t<a href=\"\" target=\"_self\">\n\t\t\t\t\t\t\tIntermed Oy \u00e4r nu Metesa Finland\n\t\t\t\t\t<\/a>\n<h1>\n\t\t\t Medicinteknisk service av laboratorie-utrustning\t<\/h1>\n\t<p>Det \u00e4r v\u00e4rt att koncentrera service och uppn\u00e5 besparingar<\/p>\n\t\t\t<a href=\"https:\/\/metesa.fi\/sv\/kontakta-oss\/\" target=\"_self\">\n\t\t\t\t\t\t\tBeg\u00e4r service\n\t\t\t\t\t<\/a>\n\t\t\t\t<img decoding=\"async\" src=\"https:\/\/metesa.fi\/wp-content\/uploads\/2025\/12\/Intermed_39-1-landscape-a20c48ade25cb25b930774a0310d2b80-uvt2n7eacsg6-1.jpg\" alt=\"Intermed_39-1-landscape-a20c48ade25cb25b930774a0310d2b80-uvt2n7eacsg6\" itemprop=\"image\" height=\"1067\" width=\"1525\" title=\"Intermed_39-1-landscape-a20c48ade25cb25b930774a0310d2b80-uvt2n7eacsg6\" onerror=\"this.style.display='none'\" loading=\"lazy\" \/>\n<h2>\n\t\t\tInhemsk, rikst\u00e4ckande service i n\u00e4stan 30 \u00e5r\t<\/h2>\n\t<p>Intermed \u00e4r ett inhemskt, privat bolag som koncentrerar sig p\u00e5 medicinteknisk service och service av laboratorieutrustning. V\u00e5r kundn\u00e4ra service \u00e4r smidig och kostnadeffektiv och vi arbetar p\u00e5 plats hos kunder.<\/p>\n<p>Bolaget har n\u00e4stan 30 \u00e5rs erfarenhet av service och f\u00f6rs\u00e4ljning av reservdelar. Vi t\u00e4cker hela Finland med fyra byr\u00e5er bel\u00e4gna i Vanda, Tammerfors, Kuopio och Ule\u00e5borg.<\/p>\n\t\t\t\t<img decoding=\"async\" src=\"https:\/\/metesa.fi\/wp-content\/uploads\/2025\/11\/map.png\" alt=\"Map of Europe showing Metesa&#039;s partner network in Norway, Sweden, Denmark, Finland, Germany, and France\" itemprop=\"image\" height=\"564\" width=\"640\" title=\"Map\" onerror=\"this.style.display='none'\" loading=\"lazy\" \/>\n\t\t\t\t<img decoding=\"async\" src=\"https:\/\/metesa.fi\/wp-content\/uploads\/2025\/01\/test-equipment.jpg\" alt=\"The Importance of Medical Equipment Maintenance: Ensuring Patient Safety and Operational Efficiency\" itemprop=\"image\" height=\"800\" width=\"1280\" title=\"The Importance of Medical Equipment Maintenance: Ensuring Patient Safety and Operational Efficiency\" onerror=\"this.style.display='none'\" loading=\"lazy\" \/>\n<h2>\n\t\t\tV\u00e5r organisation och v\u00e5ra tj\u00e4nster \u00e4r certifierade enligt ISO9001:2015\t<\/h2>\n\t<p>Intermed samarbetar med m\u00e5nga finska och internationella leverant\u00f6rer och fabriker. Vi har erfarna, professionella tekniker, som f\u00e5tt en typspecifik utbildning vid leverant\u00f6rernas fabriker.<\/p>\n<p>D\u00e5 ni beh\u00f6ver defekt- eller regulj\u00e4r service eller s\u00f6ker service partner, v\u00e4nligen\u00a0<a href=\"https:\/\/www.intermed.fi\/yhteystiedot-swe\/?lang=sv\" rel=\"nofollow noopener\" target=\"_blank\">kontakta v\u00e5r kundservice.<\/a>\u00a0Vi pratar ocks\u00e5 svenska.<\/p>\n\t\t\t<a href=\"https:\/\/metesa.fi\/sv\/kontakta-oss\/\" target=\"_self\">\n\t\t\t\t\t\t\tKontakta oss\n\t\t\t\t\t<\/a>\n<h2>\n\t\t\tKontakta oss\t<\/h2>\n\t\t\t<a href=\"https:\/\/metesa.fi\/sv\/kontakta-oss\/\" target=\"_self\">\n\t\t\t\t\t\t\tKontakta oss\n\t\t\t\t\t<\/a>\n\n","protected":false},"excerpt":{"rendered":"<p>Intermed Oy \u00e4r nu Metesa Finland Medicinteknisk service av laboratorie-utrustning Det \u00e4r v\u00e4rt att koncentrera service och uppn\u00e5 besparingar Beg\u00e4r service Inhemsk, rikst\u00e4ckande service i n\u00e4stan 30 \u00e5r Intermed \u00e4r ett inhemskt, privat bolag som koncentrerar sig p\u00e5 medicinteknisk service och service av laboratorieutrustning. V\u00e5r kundn\u00e4ra service \u00e4r smidig och kostnadeffektiv och vi arbetar p\u00e5&hellip;<\/p>\n","protected":false},"author":1,"featured_media":0,"parent":0,"menu_order":0,"comment_status":"closed","ping_status":"closed","template":"","meta":{"_acf_changed":false,"inline_featured_image":false,"footnotes":""},"class_list":["post-1727","page","type-page","status-publish","hentry"],"acf":[],"_links":{"self":[{"href":"https:\/\/metesa.fi\/sv\/wp-json\/wp\/v2\/pages\/1727","targetHints":{"allow":["GET"]}}],"collection":[{"href":"https:\/\/metesa.fi\/sv\/wp-json\/wp\/v2\/pages"}],"about":[{"href":"https:\/\/metesa.fi\/sv\/wp-json\/wp\/v2\/types\/page"}],"author":[{"embeddable":true,"href":"https:\/\/metesa.fi\/sv\/wp-json\/wp\/v2\/users\/1"}],"replies":[{"embeddable":true,"href":"https:\/\/metesa.fi\/sv\/wp-json\/wp\/v2\/comments?post=1727"}],"version-history":[{"count":7,"href":"https:\/\/metesa.fi\/sv\/wp-json\/wp\/v2\/pages\/1727\/revisions"}],"predecessor-version":[{"id":2690,"href":"https:\/\/metesa.fi\/sv\/wp-json\/wp\/v2\/pages\/1727\/revisions\/2690"}],"wp:attachment":[{"href":"https:\/\/metesa.fi\/sv\/wp-json\/wp\/v2\/media?parent=1727"}],"curies":[{"name":"wp","href":"https:\/\/api.w.org\/{rel}","templated":true}]}}